{"id":763,"date":"2026-02-24T22:58:16","date_gmt":"2026-02-24T22:58:16","guid":{"rendered":"https:\/\/yosoylulu.com\/?post_type=product&#038;p=763"},"modified":"2026-02-24T23:50:01","modified_gmt":"2026-02-24T23:50:01","slug":"763","status":"publish","type":"product","link":"https:\/\/yosoylulu.com\/?product=763","title":{"rendered":"De Invisible a Magn\u00e9tica"},"content":{"rendered":"","protected":false},"excerpt":{"rendered":"<div dir=\"auto\">Hay momentos en la vida en los que una mujer siente que se apag\u00f3\u2026<\/div>\n<div dir=\"auto\">Que dej\u00f3 de brillar, de atraer, de sentirse segura y poderosa.<\/div>\n<div dir=\"auto\">Este entrenamiento es tu punto de inflexi\u00f3n.<\/div>\n<div dir=\"auto\">De Invisible a Magn\u00e9tica es una experiencia transformadora dise\u00f1ada para ayudarte a elevar tu esencia, fortalecer tu presencia y activar ese magnetismo natural que siempre ha vivido dentro de ti.<\/div>\n<div dir=\"auto\">Aqu\u00ed no cambiar\u00e1s qui\u00e9n eres\u2026<\/div>\n<div dir=\"auto\">Despertar\u00e1s la versi\u00f3n m\u00e1s segura, femenina y radiante de ti.<\/div>\n<div dir=\"auto\">En este entrenamiento aprender\u00e1s a:<\/div>\n<div dir=\"auto\">&#8211; Reconectar con tu energ\u00eda femenina<\/div>\n<div dir=\"auto\">&#8211; Elevar tu seguridad y autoestima<\/div>\n<div dir=\"auto\">&#8211; Proyectar una presencia magn\u00e9tica<\/div>\n<div dir=\"auto\">&#8211; Romper bloqueos que te hacen sentir invisible<\/div>\n<div dir=\"auto\">&#8211; Activar tu brillo personal<\/div>\n<div dir=\"auto\">Porque cuando una mujer se transforma por dentro\u2026<\/div>\n<div dir=\"auto\">Su vida entera se alinea.<\/div>\n<div dir=\"auto\">\u00a0Es tu momento.<\/div>\n<div dir=\"auto\">\u00a0Es tu energ\u00eda.<\/div>\n<div dir=\"auto\">\u00a0Es tu transformaci\u00f3n.<\/div>\n<div dir=\"auto\">Bienvenida a tu versi\u00f3n magn\u00e9tica.<\/div>\n<div dir=\"auto\"><\/div>\n<div dir=\"auto\">Entrenamiento 100% online<\/div>\n","protected":false},"featured_media":767,"comment_status":"open","ping_status":"closed","template":"","meta":[],"product_brand":[],"product_cat":[],"product_tag":[],"class_list":{"0":"post-763","1":"product","2":"type-product","3":"status-publish","4":"has-post-thumbnail","7":"first","8":"instock","9":"shipping-taxable","10":"purchasable","11":"product-type-simple"},"_links":{"self":[{"href":"https:\/\/yosoylulu.com\/index.php?rest_route=\/wp\/v2\/product\/763","targetHints":{"allow":["GET"]}}],"collection":[{"href":"https:\/\/yosoylulu.com\/index.php?rest_route=\/wp\/v2\/product"}],"about":[{"href":"https:\/\/yosoylulu.com\/index.php?rest_route=\/wp\/v2\/types\/product"}],"replies":[{"embeddable":true,"href":"https:\/\/yosoylulu.com\/index.php?rest_route=%2Fwp%2Fv2%2Fcomments&post=763"}],"wp:featuredmedia":[{"embeddable":true,"href":"https:\/\/yosoylulu.com\/index.php?rest_route=\/wp\/v2\/media\/767"}],"wp:attachment":[{"href":"https:\/\/yosoylulu.com\/index.php?rest_route=%2Fwp%2Fv2%2Fmedia&parent=763"}],"wp:term":[{"taxonomy":"product_brand","embeddable":true,"href":"https:\/\/yosoylulu.com\/index.php?rest_route=%2Fwp%2Fv2%2Fproduct_brand&post=763"},{"taxonomy":"product_cat","embeddable":true,"href":"https:\/\/yosoylulu.com\/index.php?rest_route=%2Fwp%2Fv2%2Fproduct_cat&post=763"},{"taxonomy":"product_tag","embeddable":true,"href":"https:\/\/yosoylulu.com\/index.php?rest_route=%2Fwp%2Fv2%2Fproduct_tag&post=763"}],"curies":[{"name":"wp","href":"https:\/\/api.w.org\/{rel}","templated":true}]}}