{"id":762,"date":"2026-02-24T22:56:23","date_gmt":"2026-02-24T22:56:23","guid":{"rendered":"https:\/\/yosoylulu.com\/?post_type=product&#038;p=762"},"modified":"2026-02-24T23:27:14","modified_gmt":"2026-02-24T23:27:14","slug":"circulos-de-conexion","status":"publish","type":"product","link":"https:\/\/yosoylulu.com\/?product=circulos-de-conexion","title":{"rendered":"C\u00edrculos de Conexi\u00f3n"},"content":{"rendered":"","protected":false},"excerpt":{"rendered":"<p>Un encuentro contigo misma<br \/>\nUn C\u00edrculo de Conexi\u00f3n es un espacio \u00edntimo y guiado donde mujeres se re\u00fanen<br \/>\npara reconectar, liberar y fortalecerse emocionalmente.<br \/>\nNo es un curso.<br \/>\nEs una experiencia.<\/p>\n<p>\u00bfQu\u00e9 vivir\u00e1s?<br \/>\n\uf0b7 Conexi\u00f3n interior<br \/>\n\uf0b7 Liberaci\u00f3n emocional<br \/>\n\uf0b7 Claridad mental<br \/>\n\uf0b7 Energ\u00eda femenina activa<br \/>\n\uf0b7 Sost\u00e9n en tribu consciente<br \/>\nPara mujeres que desean\u2026<br \/>\n\uf0b7 \u00a0Volver a su centro<br \/>\n\uf0b7 Fortalecer su autoestima<br \/>\n\uf0b7 Sanar desde la conexi\u00f3n<br \/>\n\uf0b7 Detener el ruido externo<br \/>\n\uf0b7 Regalarse un espacio para s\u00ed mismas<br \/>\nUna experiencia exclusiva<br \/>\nCupos limitados<br \/>\nEspacio seguro<br \/>\nGu\u00eda consciente<br \/>\nReserva tu lugar<br \/>\nNo es solo asistir.<br \/>\nEs elegirte.<\/p>\n","protected":false},"featured_media":769,"comment_status":"open","ping_status":"closed","template":"","meta":[],"product_brand":[],"product_cat":[],"product_tag":[],"class_list":{"0":"post-762","1":"product","2":"type-product","3":"status-publish","4":"has-post-thumbnail","7":"first","8":"instock","9":"shipping-taxable","10":"product-type-simple"},"_links":{"self":[{"href":"https:\/\/yosoylulu.com\/index.php?rest_route=\/wp\/v2\/product\/762","targetHints":{"allow":["GET"]}}],"collection":[{"href":"https:\/\/yosoylulu.com\/index.php?rest_route=\/wp\/v2\/product"}],"about":[{"href":"https:\/\/yosoylulu.com\/index.php?rest_route=\/wp\/v2\/types\/product"}],"replies":[{"embeddable":true,"href":"https:\/\/yosoylulu.com\/index.php?rest_route=%2Fwp%2Fv2%2Fcomments&post=762"}],"wp:featuredmedia":[{"embeddable":true,"href":"https:\/\/yosoylulu.com\/index.php?rest_route=\/wp\/v2\/media\/769"}],"wp:attachment":[{"href":"https:\/\/yosoylulu.com\/index.php?rest_route=%2Fwp%2Fv2%2Fmedia&parent=762"}],"wp:term":[{"taxonomy":"product_brand","embeddable":true,"href":"https:\/\/yosoylulu.com\/index.php?rest_route=%2Fwp%2Fv2%2Fproduct_brand&post=762"},{"taxonomy":"product_cat","embeddable":true,"href":"https:\/\/yosoylulu.com\/index.php?rest_route=%2Fwp%2Fv2%2Fproduct_cat&post=762"},{"taxonomy":"product_tag","embeddable":true,"href":"https:\/\/yosoylulu.com\/index.php?rest_route=%2Fwp%2Fv2%2Fproduct_tag&post=762"}],"curies":[{"name":"wp","href":"https:\/\/api.w.org\/{rel}","templated":true}]}}