{"id":756,"date":"2026-02-24T22:47:49","date_gmt":"2026-02-24T22:47:49","guid":{"rendered":"https:\/\/yosoylulu.com\/?post_type=product&#038;p=756"},"modified":"2026-02-24T23:32:27","modified_gmt":"2026-02-24T23:32:27","slug":"alquimia-femenina","status":"publish","type":"product","link":"https:\/\/yosoylulu.com\/?product=alquimia-femenina","title":{"rendered":"Alquimia Femenina"},"content":{"rendered":"","protected":false},"excerpt":{"rendered":"<p>Alquimia Femenina es Un proceso de transformaci\u00f3n dise\u00f1ado para mujeres que<br \/>\ndesean reconectar con su energ\u00eda femenina, elevar su autoestima y convertirse en<br \/>\nmujeres seguras, visibles y magn\u00e9ticas.<br \/>\nA trav\u00e9s de mentor\u00edas individuales y grupales, trabajar\u00e1s tu mentalidad, identidad,<br \/>\namor propio, h\u00e1bitos y expansi\u00f3n personal.<br \/>\nFacilitadora<br \/>\nLourdes Tu\u00f1on<br \/>\nLo que lograr\u00e1s :<br \/>\n\uf0b7 Reconectar con tu poder femenino<br \/>\n\uf0b7 Fortalecer tu autoestima y seguridad<br \/>\n\uf0b7 Desbloquear creencias limitantes<br \/>\n\uf0b7 Crear h\u00e1bitos alineados con tu mejor versi\u00f3n<br \/>\n\uf0b7 Aumentar tu presencia, magnetismo y claridad<br \/>\nEsta mentor\u00eda es para ti si\u2026<br \/>\n\u2022 Sientes que te has desconectado de ti misma<br \/>\n\u2022 Deseas sentirte m\u00e1s segura, visible y poderosa<br \/>\n\u2022 Est\u00e1s lista para transformar tu vida desde adentro<br \/>\nEs tu momento de transformaci\u00f3n<br \/>\nNo naciste para ser invisible.<br \/>\nNaciste para brillar.<br \/>\nInvierte en ti. Exp\u00e1ndete. Transf\u00f3rmate.<\/p>\n","protected":false},"featured_media":772,"comment_status":"open","ping_status":"closed","template":"","meta":[],"product_brand":[],"product_cat":[],"product_tag":[],"class_list":{"0":"post-756","1":"product","2":"type-product","3":"status-publish","4":"has-post-thumbnail","7":"first","8":"instock","9":"shipping-taxable","10":"product-type-simple"},"_links":{"self":[{"href":"https:\/\/yosoylulu.com\/index.php?rest_route=\/wp\/v2\/product\/756","targetHints":{"allow":["GET"]}}],"collection":[{"href":"https:\/\/yosoylulu.com\/index.php?rest_route=\/wp\/v2\/product"}],"about":[{"href":"https:\/\/yosoylulu.com\/index.php?rest_route=\/wp\/v2\/types\/product"}],"replies":[{"embeddable":true,"href":"https:\/\/yosoylulu.com\/index.php?rest_route=%2Fwp%2Fv2%2Fcomments&post=756"}],"wp:featuredmedia":[{"embeddable":true,"href":"https:\/\/yosoylulu.com\/index.php?rest_route=\/wp\/v2\/media\/772"}],"wp:attachment":[{"href":"https:\/\/yosoylulu.com\/index.php?rest_route=%2Fwp%2Fv2%2Fmedia&parent=756"}],"wp:term":[{"taxonomy":"product_brand","embeddable":true,"href":"https:\/\/yosoylulu.com\/index.php?rest_route=%2Fwp%2Fv2%2Fproduct_brand&post=756"},{"taxonomy":"product_cat","embeddable":true,"href":"https:\/\/yosoylulu.com\/index.php?rest_route=%2Fwp%2Fv2%2Fproduct_cat&post=756"},{"taxonomy":"product_tag","embeddable":true,"href":"https:\/\/yosoylulu.com\/index.php?rest_route=%2Fwp%2Fv2%2Fproduct_tag&post=756"}],"curies":[{"name":"wp","href":"https:\/\/api.w.org\/{rel}","templated":true}]}}