{"id":1128,"date":"2026-03-07T06:07:46","date_gmt":"2026-03-07T06:07:46","guid":{"rendered":"https:\/\/yosoylulu.com\/?page_id=1128"},"modified":"2026-03-07T08:37:16","modified_gmt":"2026-03-07T08:37:16","slug":"belleza-y-actualidad","status":"publish","type":"page","link":"https:\/\/yosoylulu.com\/?page_id=1128","title":{"rendered":"Belleza y Actualidad"},"content":{"rendered":"\t\t<div data-elementor-type=\"wp-page\" data-elementor-id=\"1128\" class=\"elementor elementor-1128\" data-elementor-post-type=\"page\">\n\t\t\t\t<div class=\"elementor-element elementor-element-d9b1c9b e-flex e-con-boxed e-con e-parent\" data-id=\"d9b1c9b\" data-element_type=\"container\" data-e-type=\"container\">\n\t\t\t\t\t<div class=\"e-con-inner\">\n\t\t\t\t<div class=\"elementor-element elementor-element-a09c0f1 elementor-widget elementor-widget-image\" data-id=\"a09c0f1\" data-element_type=\"widget\" data-e-type=\"widget\" data-widget_type=\"image.default\">\n\t\t\t\t\t\t\t\t\t\t\t\t\t\t\t<img fetchpriority=\"high\" decoding=\"async\" width=\"1024\" height=\"318\" src=\"https:\/\/yosoylulu.com\/wp-content\/uploads\/2026\/03\/lu8lu1-1-1024x318.png\" class=\"attachment-large size-large wp-image-1154\" alt=\"\" srcset=\"https:\/\/yosoylulu.com\/wp-content\/uploads\/2026\/03\/lu8lu1-1-1024x318.png 1024w, https:\/\/yosoylulu.com\/wp-content\/uploads\/2026\/03\/lu8lu1-1-300x93.png 300w, https:\/\/yosoylulu.com\/wp-content\/uploads\/2026\/03\/lu8lu1-1-768x238.png 768w, https:\/\/yosoylulu.com\/wp-content\/uploads\/2026\/03\/lu8lu1-1-600x186.png 600w, https:\/\/yosoylulu.com\/wp-content\/uploads\/2026\/03\/lu8lu1-1.png 1290w\" sizes=\"(max-width: 1024px) 100vw, 1024px\" \/>\t\t\t\t\t\t\t\t\t\t\t\t\t\t\t<\/div>\n\t\t\t\t\t<\/div>\n\t\t\t\t<\/div>\n\t\t<div class=\"elementor-element elementor-element-25c87a7 e-flex e-con-boxed e-con e-parent\" data-id=\"25c87a7\" data-element_type=\"container\" data-e-type=\"container\">\n\t\t\t\t\t<div class=\"e-con-inner\">\n\t\t<div class=\"elementor-element elementor-element-118e839 e-con-full e-flex e-con e-child\" data-id=\"118e839\" data-element_type=\"container\" data-e-type=\"container\">\n\t\t\t\t<div class=\"elementor-element elementor-element-98668ab elementor-widget elementor-widget-text-editor\" data-id=\"98668ab\" data-element_type=\"widget\" data-e-type=\"widget\" data-widget_type=\"text-editor.default\">\n\t\t\t\t\t\t\t\t\t<p>Durante mucho tiempo cre\u00ed que la belleza ten\u00eda reglas estrictas. Al deslizar mi dedo por las redes sociales, ve\u00eda rostros perfectos, cuerpos \u201cideales\u201d y vidas aparentemente impecables. Sin darme cuenta, empec\u00e9 a compararme, a cuestionar mis rasgos y hasta a sentir que nunca era suficiente. Hoy lo reconozco con cari\u00f1o: no era inseguridad, era exposici\u00f3n constante a est\u00e1ndares irreales que, aunque parecen inofensivos, pueden moldear profundamente c\u00f3mo nos vemos y c\u00f3mo nos sentimos.<\/p><div dir=\"auto\">Las redes sociales suelen mostrarnos una versi\u00f3n editada de la realidad. Filtros, \u00e1ngulos, retoques y tendencias crean una est\u00e9tica dominante que muchas veces excluye la diversidad natural de los cuerpos, edades y estilos. Y aunque sabemos que mucho de lo que vemos est\u00e1 modificado, igual puede impactar nuestra autoestima. He aprendido que no se trata de \u201cculpar\u201d a las plataformas, sino de desarrollar una mirada m\u00e1s consciente: entender que la belleza no es una plantilla, sino una expresi\u00f3n \u00fanica y cambiante.<\/div><div dir=\"auto\">Por eso hoy elijo recordarme \u2014y recordarte\u2014 algo importante: no nacimos para encajar en un molde digital. Nuestra belleza no depende de likes, filtros ni validaci\u00f3n externa. Merecemos mirarnos con m\u00e1s amabilidad, celebrar lo aut\u00e9ntico y construir una relaci\u00f3n m\u00e1s sana con nuestra imagen. Porque cuando dejamos de perseguir la perfecci\u00f3n y empezamos a abrazar lo real, descubrimos algo poderoso: ya \u00e9ramos suficientes desde el inicio.<\/div><div dir=\"auto\">\u00a0<\/div><div dir=\"auto\">Escrito por Suann Hullingorst\u00a0<\/div><div dir=\"auto\">Experta en Belleza\u00a0<\/div>\t\t\t\t\t\t\t\t<\/div>\n\t\t\t\t<\/div>\n\t\t<div class=\"elementor-element elementor-element-55abb6e e-con-full e-flex e-con e-child\" data-id=\"55abb6e\" data-element_type=\"container\" data-e-type=\"container\">\n\t\t\t\t<div class=\"elementor-element elementor-element-4bd4554 elementor-widget elementor-widget-image\" data-id=\"4bd4554\" data-element_type=\"widget\" data-e-type=\"widget\" data-widget_type=\"image.default\">\n\t\t\t\t\t\t\t\t\t\t\t\t\t\t\t<img decoding=\"async\" width=\"830\" height=\"1024\" src=\"https:\/\/yosoylulu.com\/wp-content\/uploads\/2026\/02\/1000471830-830x1024.jpg\" class=\"attachment-large size-large wp-image-725\" alt=\"\" srcset=\"https:\/\/yosoylulu.com\/wp-content\/uploads\/2026\/02\/1000471830-830x1024.jpg 830w, https:\/\/yosoylulu.com\/wp-content\/uploads\/2026\/02\/1000471830-600x741.jpg 600w, https:\/\/yosoylulu.com\/wp-content\/uploads\/2026\/02\/1000471830-243x300.jpg 243w, https:\/\/yosoylulu.com\/wp-content\/uploads\/2026\/02\/1000471830-768x948.jpg 768w, https:\/\/yosoylulu.com\/wp-content\/uploads\/2026\/02\/1000471830.jpg 1200w\" sizes=\"(max-width: 830px) 100vw, 830px\" \/>\t\t\t\t\t\t\t\t\t\t\t\t\t\t\t<\/div>\n\t\t\t\t<\/div>\n\t\t\t\t\t<\/div>\n\t\t\t\t<\/div>\n\t\t\t\t<\/div>\n\t\t","protected":false},"excerpt":{"rendered":"<p>Durante mucho tiempo cre\u00ed que la belleza ten\u00eda reglas estrictas. Al deslizar mi dedo por las redes sociales, ve\u00eda rostros perfectos, cuerpos \u201cideales\u201d y vidas aparentemente impecables. Sin darme cuenta, empec\u00e9 a compararme, a cuestionar mis rasgos y hasta a sentir que nunca era suficiente. Hoy lo reconozco con cari\u00f1o: no era inseguridad, era exposici\u00f3n [&hellip;]<\/p>\n","protected":false},"author":3,"featured_media":0,"parent":0,"menu_order":0,"comment_status":"closed","ping_status":"closed","template":"","meta":{"footnotes":""},"class_list":["post-1128","page","type-page","status-publish","hentry"],"blocksy_meta":[],"_links":{"self":[{"href":"https:\/\/yosoylulu.com\/index.php?rest_route=\/wp\/v2\/pages\/1128","targetHints":{"allow":["GET"]}}],"collection":[{"href":"https:\/\/yosoylulu.com\/index.php?rest_route=\/wp\/v2\/pages"}],"about":[{"href":"https:\/\/yosoylulu.com\/index.php?rest_route=\/wp\/v2\/types\/page"}],"author":[{"embeddable":true,"href":"https:\/\/yosoylulu.com\/index.php?rest_route=\/wp\/v2\/users\/3"}],"replies":[{"embeddable":true,"href":"https:\/\/yosoylulu.com\/index.php?rest_route=%2Fwp%2Fv2%2Fcomments&post=1128"}],"version-history":[{"count":10,"href":"https:\/\/yosoylulu.com\/index.php?rest_route=\/wp\/v2\/pages\/1128\/revisions"}],"predecessor-version":[{"id":1160,"href":"https:\/\/yosoylulu.com\/index.php?rest_route=\/wp\/v2\/pages\/1128\/revisions\/1160"}],"wp:attachment":[{"href":"https:\/\/yosoylulu.com\/index.php?rest_route=%2Fwp%2Fv2%2Fmedia&parent=1128"}],"curies":[{"name":"wp","href":"https:\/\/api.w.org\/{rel}","templated":true}]}}