{"id":1126,"date":"2026-03-07T06:07:10","date_gmt":"2026-03-07T06:07:10","guid":{"rendered":"https:\/\/yosoylulu.com\/?page_id=1126"},"modified":"2026-03-08T04:19:29","modified_gmt":"2026-03-08T04:19:29","slug":"lifestyle","status":"publish","type":"page","link":"https:\/\/yosoylulu.com\/?page_id=1126","title":{"rendered":"Lifestyle"},"content":{"rendered":"\t\t<div data-elementor-type=\"wp-page\" data-elementor-id=\"1126\" class=\"elementor elementor-1126\" data-elementor-post-type=\"page\">\n\t\t\t\t<div class=\"elementor-element elementor-element-876e0b8 e-flex e-con-boxed e-con e-parent\" data-id=\"876e0b8\" data-element_type=\"container\" data-e-type=\"container\">\n\t\t\t\t\t<div class=\"e-con-inner\">\n\t\t\t\t<div class=\"elementor-element elementor-element-a531659 elementor-widget elementor-widget-image\" data-id=\"a531659\" data-element_type=\"widget\" data-e-type=\"widget\" data-widget_type=\"image.default\">\n\t\t\t\t\t\t\t\t\t\t\t\t\t\t\t<img fetchpriority=\"high\" decoding=\"async\" width=\"1024\" height=\"318\" src=\"https:\/\/yosoylulu.com\/wp-content\/uploads\/2026\/03\/lu8lu1-1-3-1024x318.png\" class=\"attachment-large size-large wp-image-1266\" alt=\"\" srcset=\"https:\/\/yosoylulu.com\/wp-content\/uploads\/2026\/03\/lu8lu1-1-3-1024x318.png 1024w, https:\/\/yosoylulu.com\/wp-content\/uploads\/2026\/03\/lu8lu1-1-3-300x93.png 300w, https:\/\/yosoylulu.com\/wp-content\/uploads\/2026\/03\/lu8lu1-1-3-768x238.png 768w, https:\/\/yosoylulu.com\/wp-content\/uploads\/2026\/03\/lu8lu1-1-3-600x186.png 600w, https:\/\/yosoylulu.com\/wp-content\/uploads\/2026\/03\/lu8lu1-1-3.png 1290w\" sizes=\"(max-width: 1024px) 100vw, 1024px\" \/>\t\t\t\t\t\t\t\t\t\t\t\t\t\t\t<\/div>\n\t\t\t\t\t<\/div>\n\t\t\t\t<\/div>\n\t\t<div class=\"elementor-element elementor-element-adb4026 e-flex e-con-boxed e-con e-parent\" data-id=\"adb4026\" data-element_type=\"container\" data-e-type=\"container\">\n\t\t\t\t\t<div class=\"e-con-inner\">\n\t\t<div class=\"elementor-element elementor-element-4c3b659 e-con-full e-flex e-con e-child\" data-id=\"4c3b659\" data-element_type=\"container\" data-e-type=\"container\">\n\t\t\t\t<div class=\"elementor-element elementor-element-a6fb973 elementor-widget elementor-widget-image\" data-id=\"a6fb973\" data-element_type=\"widget\" data-e-type=\"widget\" data-widget_type=\"image.default\">\n\t\t\t\t\t\t\t\t\t\t\t\t\t\t\t<img decoding=\"async\" width=\"600\" height=\"800\" src=\"https:\/\/yosoylulu.com\/wp-content\/uploads\/2026\/03\/Diseno-sin-titulo-1-8.png\" class=\"attachment-large size-large wp-image-1250\" alt=\"\" srcset=\"https:\/\/yosoylulu.com\/wp-content\/uploads\/2026\/03\/Diseno-sin-titulo-1-8.png 600w, https:\/\/yosoylulu.com\/wp-content\/uploads\/2026\/03\/Diseno-sin-titulo-1-8-225x300.png 225w\" sizes=\"(max-width: 600px) 100vw, 600px\" \/>\t\t\t\t\t\t\t\t\t\t\t\t\t\t\t<\/div>\n\t\t\t\t<\/div>\n\t\t<div class=\"elementor-element elementor-element-fae202c e-con-full e-flex e-con e-child\" data-id=\"fae202c\" data-element_type=\"container\" data-e-type=\"container\">\n\t\t\t\t<div class=\"elementor-element elementor-element-c39e9dc elementor-widget elementor-widget-text-editor\" data-id=\"c39e9dc\" data-element_type=\"widget\" data-e-type=\"widget\" data-widget_type=\"text-editor.default\">\n\t\t\t\t\t\t\t\t\t<h2 dir=\"auto\">Lifestyle<\/h2><div dir=\"auto\">\u00a0<\/div><div dir=\"auto\">En esta secci\u00f3n quiero compartir contigo algo que para m\u00ed es muy importante: el estilo de vida de una mujer que vive desde su alquimia femenina. No se trata de una vida perfecta, sino de una vida consciente. Una vida donde aprendemos a escucharnos, a cuidarnos y a transformar lo que vivimos en crecimiento.<\/div><div dir=\"auto\">\u00a0<\/div><div dir=\"auto\">Para m\u00ed, la alquimia femenina es ese proceso interno donde una mujer decide convertir sus experiencias, sus retos y su historia en sabidur\u00eda, amor propio y poder personal.<\/div><div dir=\"auto\">\u00a0<\/div><div dir=\"auto\">\u00a0<\/div><div dir=\"auto\">Aqu\u00ed hablaremos de bienestar, de elegancia en la forma de vivir, de h\u00e1bitos que elevan nuestra energ\u00eda, de cuidar nuestra mente, nuestro cuerpo y nuestro coraz\u00f3n. Tambi\u00e9n compartir\u00e9 reflexiones, herramientas y peque\u00f1as pr\u00e1cticas que pueden ayudarte a construir una vida con m\u00e1s calma, m\u00e1s claridad y m\u00e1s intenci\u00f3n.<\/div><div dir=\"auto\">\u00a0<\/div><div dir=\"auto\">\u00a0<\/div><div dir=\"auto\">Porque al final, una mujer que trabaja su alquimia femenina entiende algo muy poderoso: su historia no es una carga, es su poder; y su estilo de vida puede convertirse en su mayor obra de amor propio.<\/div>\t\t\t\t\t\t\t\t<\/div>\n\t\t\t\t<\/div>\n\t\t\t\t\t<\/div>\n\t\t\t\t<\/div>\n\t\t\t\t<\/div>\n\t\t","protected":false},"excerpt":{"rendered":"<p>Lifestyle \u00a0En esta secci\u00f3n quiero compartir contigo algo que para m\u00ed es muy importante: el estilo de vida de una mujer que vive desde su alquimia femenina. No se trata de una vida perfecta, sino de una vida consciente. Una vida donde aprendemos a escucharnos, a cuidarnos y a transformar lo que vivimos en crecimiento.\u00a0Para [&hellip;]<\/p>\n","protected":false},"author":3,"featured_media":0,"parent":0,"menu_order":0,"comment_status":"closed","ping_status":"closed","template":"","meta":{"footnotes":""},"class_list":["post-1126","page","type-page","status-publish","hentry"],"blocksy_meta":[],"_links":{"self":[{"href":"https:\/\/yosoylulu.com\/index.php?rest_route=\/wp\/v2\/pages\/1126","targetHints":{"allow":["GET"]}}],"collection":[{"href":"https:\/\/yosoylulu.com\/index.php?rest_route=\/wp\/v2\/pages"}],"about":[{"href":"https:\/\/yosoylulu.com\/index.php?rest_route=\/wp\/v2\/types\/page"}],"author":[{"embeddable":true,"href":"https:\/\/yosoylulu.com\/index.php?rest_route=\/wp\/v2\/users\/3"}],"replies":[{"embeddable":true,"href":"https:\/\/yosoylulu.com\/index.php?rest_route=%2Fwp%2Fv2%2Fcomments&post=1126"}],"version-history":[{"count":16,"href":"https:\/\/yosoylulu.com\/index.php?rest_route=\/wp\/v2\/pages\/1126\/revisions"}],"predecessor-version":[{"id":1269,"href":"https:\/\/yosoylulu.com\/index.php?rest_route=\/wp\/v2\/pages\/1126\/revisions\/1269"}],"wp:attachment":[{"href":"https:\/\/yosoylulu.com\/index.php?rest_route=%2Fwp%2Fv2%2Fmedia&parent=1126"}],"curies":[{"name":"wp","href":"https:\/\/api.w.org\/{rel}","templated":true}]}}