{"id":1124,"date":"2026-03-07T06:06:44","date_gmt":"2026-03-07T06:06:44","guid":{"rendered":"https:\/\/yosoylulu.com\/?page_id=1124"},"modified":"2026-03-07T08:56:15","modified_gmt":"2026-03-07T08:56:15","slug":"alquimia-del-exito-2","status":"publish","type":"page","link":"https:\/\/yosoylulu.com\/?page_id=1124","title":{"rendered":"Alquimia del \u00c9xito"},"content":{"rendered":"\t\t<div data-elementor-type=\"wp-page\" data-elementor-id=\"1124\" class=\"elementor elementor-1124\" data-elementor-post-type=\"page\">\n\t\t\t\t<div class=\"elementor-element elementor-element-914c5db e-flex e-con-boxed e-con e-parent\" data-id=\"914c5db\" data-element_type=\"container\" data-e-type=\"container\">\n\t\t\t\t\t<div class=\"e-con-inner\">\n\t\t\t\t<div class=\"elementor-element elementor-element-3d3f37a elementor-widget elementor-widget-image\" data-id=\"3d3f37a\" data-element_type=\"widget\" data-e-type=\"widget\" data-widget_type=\"image.default\">\n\t\t\t\t\t\t\t\t\t\t\t\t\t\t\t<img fetchpriority=\"high\" decoding=\"async\" width=\"1024\" height=\"318\" src=\"https:\/\/yosoylulu.com\/wp-content\/uploads\/2026\/03\/lu8lu1-2-1024x318.png\" class=\"attachment-large size-large wp-image-1181\" alt=\"\" srcset=\"https:\/\/yosoylulu.com\/wp-content\/uploads\/2026\/03\/lu8lu1-2-1024x318.png 1024w, https:\/\/yosoylulu.com\/wp-content\/uploads\/2026\/03\/lu8lu1-2-300x93.png 300w, https:\/\/yosoylulu.com\/wp-content\/uploads\/2026\/03\/lu8lu1-2-768x238.png 768w, https:\/\/yosoylulu.com\/wp-content\/uploads\/2026\/03\/lu8lu1-2-600x186.png 600w, https:\/\/yosoylulu.com\/wp-content\/uploads\/2026\/03\/lu8lu1-2.png 1290w\" sizes=\"(max-width: 1024px) 100vw, 1024px\" \/>\t\t\t\t\t\t\t\t\t\t\t\t\t\t\t<\/div>\n\t\t\t\t\t<\/div>\n\t\t\t\t<\/div>\n\t\t<div class=\"elementor-element elementor-element-6b0b9f3 e-flex e-con-boxed e-con e-parent\" data-id=\"6b0b9f3\" data-element_type=\"container\" data-e-type=\"container\">\n\t\t\t\t\t<div class=\"e-con-inner\">\n\t\t<div class=\"elementor-element elementor-element-4a4cb0e e-con-full e-flex e-con e-child\" data-id=\"4a4cb0e\" data-element_type=\"container\" data-e-type=\"container\">\n\t\t\t\t<div class=\"elementor-element elementor-element-510b56e elementor-widget elementor-widget-image\" data-id=\"510b56e\" data-element_type=\"widget\" data-e-type=\"widget\" data-widget_type=\"image.default\">\n\t\t\t\t\t\t\t\t\t\t\t\t\t\t\t<img decoding=\"async\" width=\"576\" height=\"1024\" src=\"https:\/\/yosoylulu.com\/wp-content\/uploads\/2026\/03\/Diseno-sin-titulo-1-5-576x1024.png\" class=\"attachment-large size-large wp-image-1169\" alt=\"\" srcset=\"https:\/\/yosoylulu.com\/wp-content\/uploads\/2026\/03\/Diseno-sin-titulo-1-5-576x1024.png 576w, https:\/\/yosoylulu.com\/wp-content\/uploads\/2026\/03\/Diseno-sin-titulo-1-5-169x300.png 169w, https:\/\/yosoylulu.com\/wp-content\/uploads\/2026\/03\/Diseno-sin-titulo-1-5-768x1365.png 768w, https:\/\/yosoylulu.com\/wp-content\/uploads\/2026\/03\/Diseno-sin-titulo-1-5-864x1536.png 864w, https:\/\/yosoylulu.com\/wp-content\/uploads\/2026\/03\/Diseno-sin-titulo-1-5-600x1067.png 600w, https:\/\/yosoylulu.com\/wp-content\/uploads\/2026\/03\/Diseno-sin-titulo-1-5.png 1080w\" sizes=\"(max-width: 576px) 100vw, 576px\" \/>\t\t\t\t\t\t\t\t\t\t\t\t\t\t\t<\/div>\n\t\t\t\t<\/div>\n\t\t<div class=\"elementor-element elementor-element-1d05378 e-con-full e-flex e-con e-child\" data-id=\"1d05378\" data-element_type=\"container\" data-e-type=\"container\">\n\t\t\t\t<div class=\"elementor-element elementor-element-830cf80 elementor-widget elementor-widget-text-editor\" data-id=\"830cf80\" data-element_type=\"widget\" data-e-type=\"widget\" data-widget_type=\"text-editor.default\">\n\t\t\t\t\t\t\t\t\t<h2 data-path-to-node=\"3\"><b data-path-to-node=\"3\" data-index-in-node=\"0\">Alquimia del \u00c9xito<\/b>\u00a0<\/h2><p data-path-to-node=\"3\">\u00a0No es solo un programa de formaci\u00f3n; es la experiencia definitiva de transformaci\u00f3n empresarial. Est\u00e1 dise\u00f1ada exclusivamente para hombres y mujeres que han decidido dejar de \u00abintentar\u00bb hacer negocios para convertirse en verdaderos arquitectos de empresas s\u00f3lidas.<\/p><p data-path-to-node=\"4\">Aqu\u00ed, el enfoque trasciende el simple \u00abqu\u00e9 hacer\u00bb. Nos centramos en <b data-path-to-node=\"4\" data-index-in-node=\"68\">en qui\u00e9n te debes convertir<\/b> para atraer y sostener el \u00e9xito a largo plazo.<\/p><h3 data-path-to-node=\"5\">Los Pilares de la Transformaci\u00f3n<\/h3><p data-path-to-node=\"6\">Entendemos que el crecimiento financiero no es un evento aislado, sino un proceso que:<\/p><ol start=\"1\" data-path-to-node=\"7\"><li><p data-path-to-node=\"7,0,0\"><b data-path-to-node=\"7,0,0\" data-index-in-node=\"0\">Nace en la mentalidad:<\/b> El origen de toda abundancia.<\/p><\/li><li><p data-path-to-node=\"7,1,0\"><b data-path-to-node=\"7,1,0\" data-index-in-node=\"0\">Se estructura con estrategia:<\/b> El mapa hacia tus metas.<\/p><\/li><li><p data-path-to-node=\"7,2,0\"><b data-path-to-node=\"7,2,0\" data-index-in-node=\"0\">Se consolida con disciplina:<\/b> El motor que mantiene el rumbo.<\/p><\/li><\/ol><hr data-path-to-node=\"8\" \/><h3 data-path-to-node=\"9\">\u00bfQu\u00e9 vivir\u00e1s en Alquimia del \u00c9xito?<\/h3><p data-path-to-node=\"10\">Este es un proceso formativo integral dise\u00f1ado para dotarte de las herramientas cr\u00edticas que separan a un entusiasta de un empresario:<\/p><ul data-path-to-node=\"11\"><li><p data-path-to-node=\"11,0,0\"><b data-path-to-node=\"11,0,0\" data-index-in-node=\"0\">Cimientos Inquebrantables:<\/b> C\u00f3mo iniciar un negocio desde cero con bases estructurales s\u00f3lidas.<\/p><\/li><li><p data-path-to-node=\"11,1,0\"><b data-path-to-node=\"11,1,0\" data-index-in-node=\"0\">Inteligencia Financiera:<\/b> Domina los principios de contabilidad esenciales, flujo de caja y la toma de decisiones basada en datos, no en suposiciones.<\/p><\/li><li><p data-path-to-node=\"11,2,0\"><b data-path-to-node=\"11,2,0\" data-index-in-node=\"0\">Estructura de Empresa:<\/b> Aprende a dise\u00f1ar un modelo de negocio que funcione para ti, eliminando las trampas del autoempleo.<\/p><\/li><li><p data-path-to-node=\"11,3,0\"><b data-path-to-node=\"11,3,0\" data-index-in-node=\"0\">Visi\u00f3n de Crecimiento:<\/b> Organizaci\u00f3n y claridad estrat\u00e9gica para escalar tus resultados con consciencia.<\/p><\/li><\/ul><blockquote data-path-to-node=\"12\"><p data-path-to-node=\"12,0\"><i data-path-to-node=\"12,0\" data-index-in-node=\"0\">\u00abLa verdadera alquimia ocurre cuando transmutas el miedo en estrategia y la improvisaci\u00f3n en liderazgo.\u00bb<\/i><\/p><\/blockquote><hr data-path-to-node=\"13\" \/><p data-path-to-node=\"19\">\u00a0<\/p>\t\t\t\t\t\t\t\t<\/div>\n\t\t\t\t<\/div>\n\t\t\t\t\t<\/div>\n\t\t\t\t<\/div>\n\t\t<div class=\"elementor-element elementor-element-28b5615 e-flex e-con-boxed e-con e-parent\" data-id=\"28b5615\" data-element_type=\"container\" data-e-type=\"container\">\n\t\t\t\t\t<div class=\"e-con-inner\">\n\t\t<div class=\"elementor-element elementor-element-5266f1b e-con-full e-flex e-con e-child\" data-id=\"5266f1b\" data-element_type=\"container\" data-e-type=\"container\">\n\t\t\t\t<div class=\"elementor-element elementor-element-f1bac23 elementor-widget elementor-widget-text-editor\" data-id=\"f1bac23\" data-element_type=\"widget\" data-e-type=\"widget\" data-widget_type=\"text-editor.default\">\n\t\t\t\t\t\t\t\t\t<h3 data-path-to-node=\"14\">El Activo m\u00e1s Importante: Tu Mentalidad<\/h3><p data-path-to-node=\"15\">Nada de lo anterior es sostenible sin trabajar el n\u00facleo de todo proyecto: <b data-path-to-node=\"15\" data-index-in-node=\"75\">T\u00fa<\/b>. En Alquimia del \u00c9xito, ponemos un \u00e9nfasis profundo en desarrollar la identidad del empresario consciente a trav\u00e9s de:<\/p><ul data-path-to-node=\"16\"><li><p data-path-to-node=\"16,0,0\"><b data-path-to-node=\"16,0,0\" data-index-in-node=\"0\">Pensamiento Estrat\u00e9gico:<\/b> Anticipar escenarios y detectar oportunidades.<\/p><\/li><li><p data-path-to-node=\"16,1,0\"><b data-path-to-node=\"16,1,0\" data-index-in-node=\"0\">Seguridad Ejecutiva:<\/b> Firmeza y claridad en la toma de decisiones.<\/p><\/li><li><p data-path-to-node=\"16,2,0\"><b data-path-to-node=\"16,2,0\" data-index-in-node=\"0\">Responsabilidad Financiera:<\/b> Una relaci\u00f3n sana y profesional con el dinero.<\/p><\/li><li><p data-path-to-node=\"16,3,0\"><b data-path-to-node=\"16,3,0\" data-index-in-node=\"0\">Liderazgo Personal:<\/b> La capacidad de liderar tu vida para poder liderar tu industria.<\/p><\/li><\/ul><p data-path-to-node=\"17\">Es el momento de disolver las viejas creencias de escasez y reconstruir tu relaci\u00f3n con el liderazgo.<\/p><h3 data-path-to-node=\"18\">\u00danete a la Lista de Fundadores<\/h3><p data-path-to-node=\"19\">Quienes den el primer paso ahora tendr\u00e1n <b data-path-to-node=\"19\" data-index-in-node=\"41\">acceso preferencial y beneficios exclusivos<\/b>. S\u00e9 parte del grupo selecto que marcar\u00e1 un antes y un despu\u00e9s en la historia de su emprendimiento.<\/p>\t\t\t\t\t\t\t\t<\/div>\n\t\t\t\t<\/div>\n\t\t<div class=\"elementor-element elementor-element-cc61953 e-con-full e-flex e-con e-child\" data-id=\"cc61953\" data-element_type=\"container\" data-e-type=\"container\">\n\t\t\t\t<div class=\"elementor-element elementor-element-e1771b1 elementor-widget elementor-widget-image\" data-id=\"e1771b1\" data-element_type=\"widget\" data-e-type=\"widget\" data-widget_type=\"image.default\">\n\t\t\t\t\t\t\t\t\t\t\t\t\t\t\t<img decoding=\"async\" width=\"1024\" height=\"1024\" src=\"https:\/\/yosoylulu.com\/wp-content\/uploads\/2026\/03\/Diseno-sin-titulo-2-3-1024x1024.png\" class=\"attachment-large size-large wp-image-1177\" alt=\"\" srcset=\"https:\/\/yosoylulu.com\/wp-content\/uploads\/2026\/03\/Diseno-sin-titulo-2-3-1024x1024.png 1024w, https:\/\/yosoylulu.com\/wp-content\/uploads\/2026\/03\/Diseno-sin-titulo-2-3-300x300.png 300w, https:\/\/yosoylulu.com\/wp-content\/uploads\/2026\/03\/Diseno-sin-titulo-2-3-150x150.png 150w, https:\/\/yosoylulu.com\/wp-content\/uploads\/2026\/03\/Diseno-sin-titulo-2-3-768x768.png 768w, https:\/\/yosoylulu.com\/wp-content\/uploads\/2026\/03\/Diseno-sin-titulo-2-3-500x500.png 500w, https:\/\/yosoylulu.com\/wp-content\/uploads\/2026\/03\/Diseno-sin-titulo-2-3-600x600.png 600w, https:\/\/yosoylulu.com\/wp-content\/uploads\/2026\/03\/Diseno-sin-titulo-2-3-100x100.png 100w, https:\/\/yosoylulu.com\/wp-content\/uploads\/2026\/03\/Diseno-sin-titulo-2-3.png 1080w\" sizes=\"(max-width: 1024px) 100vw, 1024px\" \/>\t\t\t\t\t\t\t\t\t\t\t\t\t\t\t<\/div>\n\t\t\t\t<\/div>\n\t\t\t\t\t<\/div>\n\t\t\t\t<\/div>\n\t\t\t\t<\/div>\n\t\t","protected":false},"excerpt":{"rendered":"<p>Alquimia del \u00c9xito\u00a0 \u00a0No es solo un programa de formaci\u00f3n; es la experiencia definitiva de transformaci\u00f3n empresarial. Est\u00e1 dise\u00f1ada exclusivamente para hombres y mujeres que han decidido dejar de \u00abintentar\u00bb hacer negocios para convertirse en verdaderos arquitectos de empresas s\u00f3lidas. Aqu\u00ed, el enfoque trasciende el simple \u00abqu\u00e9 hacer\u00bb. Nos centramos en en qui\u00e9n te debes [&hellip;]<\/p>\n","protected":false},"author":3,"featured_media":0,"parent":0,"menu_order":0,"comment_status":"closed","ping_status":"closed","template":"","meta":{"footnotes":""},"class_list":["post-1124","page","type-page","status-publish","hentry"],"blocksy_meta":[],"_links":{"self":[{"href":"https:\/\/yosoylulu.com\/index.php?rest_route=\/wp\/v2\/pages\/1124","targetHints":{"allow":["GET"]}}],"collection":[{"href":"https:\/\/yosoylulu.com\/index.php?rest_route=\/wp\/v2\/pages"}],"about":[{"href":"https:\/\/yosoylulu.com\/index.php?rest_route=\/wp\/v2\/types\/page"}],"author":[{"embeddable":true,"href":"https:\/\/yosoylulu.com\/index.php?rest_route=\/wp\/v2\/users\/3"}],"replies":[{"embeddable":true,"href":"https:\/\/yosoylulu.com\/index.php?rest_route=%2Fwp%2Fv2%2Fcomments&post=1124"}],"version-history":[{"count":19,"href":"https:\/\/yosoylulu.com\/index.php?rest_route=\/wp\/v2\/pages\/1124\/revisions"}],"predecessor-version":[{"id":1184,"href":"https:\/\/yosoylulu.com\/index.php?rest_route=\/wp\/v2\/pages\/1124\/revisions\/1184"}],"wp:attachment":[{"href":"https:\/\/yosoylulu.com\/index.php?rest_route=%2Fwp%2Fv2%2Fmedia&parent=1124"}],"curies":[{"name":"wp","href":"https:\/\/api.w.org\/{rel}","templated":true}]}}